{"id":127,"date":"2026-03-04T11:07:50","date_gmt":"2026-03-04T10:07:50","guid":{"rendered":"http:\/\/localhost:8000\/?page_id=127"},"modified":"2026-04-01T09:43:37","modified_gmt":"2026-04-01T07:43:37","slug":"about","status":"publish","type":"page","link":"https:\/\/www.odysseeryujin.labo.infochartreux.fr\/?page_id=127","title":{"rendered":"\u00c0 Propos"},"content":{"rendered":"\t\t<div data-elementor-type=\"wp-page\" data-elementor-id=\"127\" class=\"elementor elementor-127\">\n\t\t\t\t<div class=\"elementor-element elementor-element-2ec9d630 e-con-full e-flex e-con e-parent\" data-id=\"2ec9d630\" data-element_type=\"container\" data-e-type=\"container\">\n\t\t<div class=\"elementor-element elementor-element-496edb39 e-con-full e-flex e-con e-child\" data-id=\"496edb39\" data-element_type=\"container\" data-e-type=\"container\">\n\t\t\t\t<div class=\"elementor-element elementor-element-3353e39a elementor-widget elementor-widget-heading\" data-id=\"3353e39a\" data-element_type=\"widget\" data-e-type=\"widget\" data-widget_type=\"heading.default\">\n\t\t\t\t\t<h1 class=\"elementor-heading-title elementor-size-default\">\u00e0 propos de nous<\/h1>\t\t\t\t<\/div>\n\t\t\t\t<div class=\"elementor-element elementor-element-21d3c373 elementor-widget-divider--view-line elementor-widget elementor-widget-divider\" data-id=\"21d3c373\" data-element_type=\"widget\" data-e-type=\"widget\" data-widget_type=\"divider.default\">\n\t\t\t\t\t\t\t<div class=\"elementor-divider\">\n\t\t\t<span class=\"elementor-divider-separator\">\n\t\t\t\t\t\t<\/span>\n\t\t<\/div>\n\t\t\t\t\t\t<\/div>\n\t\t\t\t<div class=\"elementor-element elementor-element-4a2fa918 elementor-widget__width-initial elementor-widget elementor-widget-text-editor\" data-id=\"4a2fa918\" data-element_type=\"widget\" data-e-type=\"widget\" data-widget_type=\"text-editor.default\">\n\t\t\t\t\t\t\t\t\t<p><strong>L\u2019H\u00e9ritage d\u2019un Gone, l\u2019Odyss\u00e9e d\u2019un Univers<\/strong><\/p><p>Tout a commenc\u00e9 au c\u0153ur de Lyon, l\u00e0 o\u00f9 les l\u00e9gendes dorment sous les pav\u00e9s. Passionn\u00e9 depuis l&rsquo;enfance par la majest\u00e9 des dragons, j\u2019ai voulu offrir \u00e0 une \u00e9lite en qu\u00eate d\u2019absolu ce que le monde terrestre ne pouvait plus lui donner : l&rsquo;acc\u00e8s \u00e0 un sanctuaire galactique. L\u2019Odyss\u00e9e de Ryujin est n\u00e9e de cette volont\u00e9 de marier l\u2019exclusivit\u00e9 lyonnaise \u00e0 l\u2019immensit\u00e9 d\u2019un pays imaginaire.<\/p><p>Depuis notre agence secr\u00e8te du Vieux-Lyon, vous embarquez \u00e0 bord de nos dragons de l&rsquo;espace pour une travers\u00e9e interstellaire in\u00e9dite. Votre destination ? Un univers structur\u00e9 en quatre zones \u00e9l\u00e9mentaires o\u00f9 r\u00e8gnent des cr\u00e9atures gigantesques et majestueuses. Pour garantir votre s\u00e9r\u00e9nit\u00e9 et un acc\u00e8s privil\u00e9gi\u00e9 \u00e0 ces paysages uniques, chaque domaine est plac\u00e9 sous la protection de nos experts : nos Gones et nos Fenottes. Ces v\u00e9ritables enfants de Lyon vous guident personnellement \u00e0 travers les myst\u00e8res de la Terre, du Feu, de l&rsquo;Oc\u00e9an et du Ciel.<\/p><p>Ce privil\u00e8ge, r\u00e9serv\u00e9 \u00e0 quelques rares initi\u00e9s, repose sur un lien de confiance total : nous mettons notre expertise technologique et notre passion du r\u00e9cit au service de votre \u00e9merveillement. Franchissez le portail avec nous, et devenez l\u2019un des rares t\u00e9moins de la splendeur de Ryujin.<\/p>\t\t\t\t\t\t\t\t<\/div>\n\t\t\t\t<\/div>\n\t\t<div class=\"elementor-element elementor-element-2ca5d2c0 e-con-full e-flex e-con e-child\" data-id=\"2ca5d2c0\" data-element_type=\"container\" data-e-type=\"container\" data-settings=\"{&quot;background_background&quot;:&quot;classic&quot;}\">\n\t\t\t\t<\/div>\n\t\t\t\t<\/div>\n\t\t<div class=\"elementor-element elementor-element-771db64c e-con-full e-flex e-con e-parent\" data-id=\"771db64c\" data-element_type=\"container\" data-e-type=\"container\">\n\t\t<div class=\"elementor-element elementor-element-94cc8e e-con-full e-flex e-con e-child\" data-id=\"94cc8e\" data-element_type=\"container\" data-e-type=\"container\">\n\t\t\t\t<div class=\"elementor-element elementor-element-4172f58f elementor-pagination-position-inside elementor-widget elementor-widget-image-carousel\" data-id=\"4172f58f\" data-element_type=\"widget\" data-e-type=\"widget\" data-settings=\"{&quot;slides_to_show&quot;:&quot;1&quot;,&quot;navigation&quot;:&quot;dots&quot;,&quot;pause_on_hover&quot;:&quot;no&quot;,&quot;pause_on_interaction&quot;:&quot;no&quot;,&quot;autoplay&quot;:&quot;yes&quot;,&quot;autoplay_speed&quot;:5000,&quot;infinite&quot;:&quot;yes&quot;,&quot;effect&quot;:&quot;slide&quot;,&quot;speed&quot;:500}\" data-widget_type=\"image-carousel.default\">\n\t\t\t\t\t\t\t<div class=\"elementor-image-carousel-wrapper swiper\" role=\"region\" aria-roledescription=\"carousel\" aria-label=\"Carrousel d\u2019images\" dir=\"ltr\">\n\t\t\t<div class=\"elementor-image-carousel swiper-wrapper swiper-image-stretch\" aria-live=\"off\">\n\t\t\t\t\t\t\t\t<div class=\"swiper-slide\" role=\"group\" aria-roledescription=\"slide\" aria-label=\"1 sur 1\"><figure class=\"swiper-slide-inner\"><img decoding=\"async\" class=\"swiper-slide-image\" src=\"https:\/\/www.odysseeryujin.labo.infochartreux.fr\/wp-content\/uploads\/2026\/03\/Capture-decran-2026-03-31-194813.png\" alt=\"Capture d&#039;\u00e9cran 2026-03-31 194813\" \/><\/figure><\/div>\t\t\t<\/div>\n\t\t\t\t\t<\/div>\n\t\t\t\t\t\t<\/div>\n\t\t\t\t<\/div>\n\t\t<div class=\"elementor-element elementor-element-5c54cbf4 e-con-full e-flex e-con e-child\" data-id=\"5c54cbf4\" data-element_type=\"container\" data-e-type=\"container\">\n\t\t\t\t<div class=\"elementor-element elementor-element-3349bbd0 elementor-widget elementor-widget-heading\" data-id=\"3349bbd0\" data-element_type=\"widget\" data-e-type=\"widget\" data-widget_type=\"heading.default\">\n\t\t\t\t\t<h2 class=\"elementor-heading-title elementor-size-default\">Notre vision<\/h2>\t\t\t\t<\/div>\n\t\t\t\t<div class=\"elementor-element elementor-element-fb77d95 elementor-widget__width-initial elementor-widget elementor-widget-text-editor\" data-id=\"fb77d95\" data-element_type=\"widget\" data-e-type=\"widget\" data-widget_type=\"text-editor.default\">\n\t\t\t\t\t\t\t\t\t<p><strong>Rejoignez l\u2019\u00e9lite de L&rsquo;Odyss\u00e9e de Ryujin<\/strong><\/p><p>N\u00e9e \u00e0 Lyon pour conqu\u00e9rir les cieux, notre agence recrute ses futurs P\u00e9nons et P\u00e9nonnes d&rsquo;exception. Offrez \u00e0 une client\u00e8le prestigieuse l&rsquo;absolu : des voyages \u00e0 dos de dragon sublim\u00e9s par l&rsquo;holographie sensorielle. Au sein d&rsquo;une \u00e9quipe unie et fi\u00e8re de ses racines, vous ne serez pas de simples guides, mais les ambassadeurs d&rsquo;un luxe l\u00e9gendaire. Pr\u00eats \u00e0 faire briller le savoir-faire lyonnais au-del\u00e0 du r\u00e9el ? Embarquez dans la plus belle traboule du ciel.<\/p>\t\t\t\t\t\t\t\t<\/div>\n\t\t\t\t<div class=\"elementor-element elementor-element-1e9515da elementor-widget elementor-widget-testimonial\" data-id=\"1e9515da\" data-element_type=\"widget\" data-e-type=\"widget\" data-widget_type=\"testimonial.default\">\n\t\t\t\t\t\t\t<div class=\"elementor-testimonial-wrapper\">\n\t\t\t\t\t\t\t<div class=\"elementor-testimonial-content\">\n\u00ab \u00c0 Lyon, on a la soie et les traboules, mais ici, on a les dragons. Mon r\u00eave, c\u2019est d\u2019allier nos racines de Gones au prestige de l'absolu : une Odyss\u00e9e o\u00f9 le luxe prend son envol. \u00bb<\/div>\n\t\t\t\n\t\t\t\t\t\t<div class=\"elementor-testimonial-meta\">\n\t\t\t\t<div class=\"elementor-testimonial-meta-inner\">\n\t\t\t\t\t\n\t\t\t\t\t\t\t\t\t\t<div class=\"elementor-testimonial-details\">\n\t\t\t\t\t\t\t\t\t\t\t\t\t\t<div class=\"elementor-testimonial-name\">Propri\u00e9taire<\/div>\n\t\t\t\t\t\t\t\t\t\t\t\t\t\t\t\t\t\t\t<\/div>\n\t\t\t\t\t\t\t\t\t<\/div>\n\t\t\t<\/div>\n\t\t\t\t\t<\/div>\n\t\t\t\t\t\t<\/div>\n\t\t\t\t<div class=\"elementor-element elementor-element-591aa22 elementor-widget elementor-widget-testimonial\" data-id=\"591aa22\" data-element_type=\"widget\" data-e-type=\"widget\" data-widget_type=\"testimonial.default\">\n\t\t\t\t\t\t\t<div class=\"elementor-testimonial-wrapper\">\n\t\t\t\t\t\t\t<div class=\"elementor-testimonial-content\">\u00ab Ici, on allie le luxe lyonnais \u00e0 la magie des dragons : on n'offre pas qu'une visite, on ouvre la plus belle traboule du ciel pour toucher l'absolu. \u00bb<\/div>\n\t\t\t\n\t\t\t\t\t\t<div class=\"elementor-testimonial-meta\">\n\t\t\t\t<div class=\"elementor-testimonial-meta-inner\">\n\t\t\t\t\t\n\t\t\t\t\t\t\t\t\t\t<div class=\"elementor-testimonial-details\">\n\t\t\t\t\t\t\t\t\t\t\t\t\t\t<div class=\"elementor-testimonial-name\">Elise<\/div>\n\t\t\t\t\t\t\t\t\t\t\t\t\t\t\t\t\t\t\t<\/div>\n\t\t\t\t\t\t\t\t\t<\/div>\n\t\t\t<\/div>\n\t\t\t\t\t<\/div>\n\t\t\t\t\t\t<\/div>\n\t\t\t\t<\/div>\n\t\t\t\t<\/div>\n\t\t<div class=\"elementor-element elementor-element-761672d3 e-con-full e-flex e-con e-parent\" data-id=\"761672d3\" data-element_type=\"container\" data-e-type=\"container\">\n\t\t\t\t<div class=\"elementor-element elementor-element-6a5ba7bc elementor-widget elementor-widget-heading\" data-id=\"6a5ba7bc\" data-element_type=\"widget\" data-e-type=\"widget\" data-widget_type=\"heading.default\">\n\t\t\t\t\t<h2 class=\"elementor-heading-title elementor-size-default\">Notre Equipe<\/h2>\t\t\t\t<\/div>\n\t\t<div class=\"elementor-element elementor-element-1798d1c1 e-con-full e-flex e-con e-child\" data-id=\"1798d1c1\" data-element_type=\"container\" data-e-type=\"container\">\n\t\t<div class=\"elementor-element elementor-element-594d98bf e-con-full e-flex e-con e-child\" data-id=\"594d98bf\" data-element_type=\"container\" data-e-type=\"container\">\n\t\t\t\t<div class=\"elementor-element elementor-element-7d3fd17e elementor-position-top elementor-widget elementor-widget-image-box\" data-id=\"7d3fd17e\" data-element_type=\"widget\" data-e-type=\"widget\" data-widget_type=\"image-box.default\">\n\t\t\t\t\t<div class=\"elementor-image-box-wrapper\"><figure class=\"elementor-image-box-img\"><img fetchpriority=\"high\" decoding=\"async\" width=\"462\" height=\"692\" src=\"https:\/\/www.odysseeryujin.labo.infochartreux.fr\/wp-content\/uploads\/2026\/03\/Capture-decran-2026-03-31-194025.png\" class=\"attachment-full size-full wp-image-306\" alt=\"\" srcset=\"https:\/\/www.odysseeryujin.labo.infochartreux.fr\/wp-content\/uploads\/2026\/03\/Capture-decran-2026-03-31-194025.png 462w, https:\/\/www.odysseeryujin.labo.infochartreux.fr\/wp-content\/uploads\/2026\/03\/Capture-decran-2026-03-31-194025-200x300.png 200w\" sizes=\"(max-width: 462px) 100vw, 462px\" \/><\/figure><div class=\"elementor-image-box-content\"><h3 class=\"elementor-image-box-title\">Alexandre<\/h3><p class=\"elementor-image-box-description\">Le Gone du Terrail<\/p><\/div><\/div>\t\t\t\t<\/div>\n\t\t\t\t<\/div>\n\t\t<div class=\"elementor-element elementor-element-378792f1 e-con-full e-flex e-con e-child\" data-id=\"378792f1\" data-element_type=\"container\" data-e-type=\"container\">\n\t\t\t\t<div class=\"elementor-element elementor-element-3093b7d7 elementor-position-top elementor-widget elementor-widget-image-box\" data-id=\"3093b7d7\" data-element_type=\"widget\" data-e-type=\"widget\" data-widget_type=\"image-box.default\">\n\t\t\t\t\t<div class=\"elementor-image-box-wrapper\"><figure class=\"elementor-image-box-img\"><img decoding=\"async\" width=\"468\" height=\"696\" src=\"https:\/\/www.odysseeryujin.labo.infochartreux.fr\/wp-content\/uploads\/2026\/03\/Capture-decran-2026-03-31-194357.png\" class=\"attachment-full size-full wp-image-308\" alt=\"\" srcset=\"https:\/\/www.odysseeryujin.labo.infochartreux.fr\/wp-content\/uploads\/2026\/03\/Capture-decran-2026-03-31-194357.png 468w, https:\/\/www.odysseeryujin.labo.infochartreux.fr\/wp-content\/uploads\/2026\/03\/Capture-decran-2026-03-31-194357-202x300.png 202w\" sizes=\"(max-width: 468px) 100vw, 468px\" \/><\/figure><div class=\"elementor-image-box-content\"><h3 class=\"elementor-image-box-title\">Thomas<\/h3><p class=\"elementor-image-box-description\">Le Gone du Chanteigre<\/p><\/div><\/div>\t\t\t\t<\/div>\n\t\t\t\t<\/div>\n\t\t<div class=\"elementor-element elementor-element-2c8107eb e-con-full e-flex e-con e-child\" data-id=\"2c8107eb\" data-element_type=\"container\" data-e-type=\"container\">\n\t\t\t\t<div class=\"elementor-element elementor-element-2c5cdcb2 elementor-position-top elementor-widget elementor-widget-image-box\" data-id=\"2c5cdcb2\" data-element_type=\"widget\" data-e-type=\"widget\" data-widget_type=\"image-box.default\">\n\t\t\t\t\t<div class=\"elementor-image-box-wrapper\"><figure class=\"elementor-image-box-img\"><img decoding=\"async\" width=\"457\" height=\"690\" src=\"https:\/\/www.odysseeryujin.labo.infochartreux.fr\/wp-content\/uploads\/2026\/03\/Capture-decran-2026-03-31-194507.png\" class=\"attachment-full size-full wp-image-309\" alt=\"\" srcset=\"https:\/\/www.odysseeryujin.labo.infochartreux.fr\/wp-content\/uploads\/2026\/03\/Capture-decran-2026-03-31-194507.png 457w, https:\/\/www.odysseeryujin.labo.infochartreux.fr\/wp-content\/uploads\/2026\/03\/Capture-decran-2026-03-31-194507-199x300.png 199w\" sizes=\"(max-width: 457px) 100vw, 457px\" \/><\/figure><div class=\"elementor-image-box-content\"><h3 class=\"elementor-image-box-title\">Maya<\/h3><p class=\"elementor-image-box-description\">La Fenotte du Bageasse<\/p><\/div><\/div>\t\t\t\t<\/div>\n\t\t\t\t<\/div>\n\t\t<div class=\"elementor-element elementor-element-1fbfcc59 e-con-full e-flex e-con e-child\" data-id=\"1fbfcc59\" data-element_type=\"container\" data-e-type=\"container\">\n\t\t\t\t<div class=\"elementor-element elementor-element-e94333a elementor-position-top elementor-widget elementor-widget-image-box\" data-id=\"e94333a\" data-element_type=\"widget\" data-e-type=\"widget\" data-widget_type=\"image-box.default\">\n\t\t\t\t\t<div class=\"elementor-image-box-wrapper\"><figure class=\"elementor-image-box-img\"><img loading=\"lazy\" decoding=\"async\" width=\"451\" height=\"678\" src=\"https:\/\/www.odysseeryujin.labo.infochartreux.fr\/wp-content\/uploads\/2026\/03\/Capture-decran-2026-03-31-194610.png\" class=\"attachment-full size-full wp-image-310\" alt=\"\" srcset=\"https:\/\/www.odysseeryujin.labo.infochartreux.fr\/wp-content\/uploads\/2026\/03\/Capture-decran-2026-03-31-194610.png 451w, https:\/\/www.odysseeryujin.labo.infochartreux.fr\/wp-content\/uploads\/2026\/03\/Capture-decran-2026-03-31-194610-200x300.png 200w\" sizes=\"(max-width: 451px) 100vw, 451px\" \/><\/figure><div class=\"elementor-image-box-content\"><h3 class=\"elementor-image-box-title\">Elise<\/h3><p class=\"elementor-image-box-description\">La Fenotte du Vogue<\/p><\/div><\/div>\t\t\t\t<\/div>\n\t\t\t\t<\/div>\n\t\t\t\t<\/div>\n\t\t\t\t<\/div>\n\t\t<div class=\"elementor-element elementor-element-6dc50d90 e-flex e-con-boxed e-con e-parent\" data-id=\"6dc50d90\" data-element_type=\"container\" data-e-type=\"container\">\n\t\t\t\t\t<div class=\"e-con-inner\">\n\t\t\t\t<div class=\"elementor-element elementor-element-459095c elementor-widget elementor-widget-heading\" data-id=\"459095c\" data-element_type=\"widget\" data-e-type=\"widget\" data-widget_type=\"heading.default\">\n\t\t\t\t\t<h2 class=\"elementor-heading-title elementor-size-default\">L\u2019exp\u00e9rience ultime du voyage l\u00e9gendaire<\/h2>\t\t\t\t<\/div>\n\t\t\t\t<div class=\"elementor-element elementor-element-312f1318 elementor-widget__width-initial elementor-widget elementor-widget-text-editor\" data-id=\"312f1318\" data-element_type=\"widget\" data-e-type=\"widget\" data-widget_type=\"text-editor.default\">\n\t\t\t\t\t\t\t\t\t<p>L\u2019Odyss\u00e9e de Ryujin vous ouvre les portes d\u2019univers extraordinaires, o\u00f9 mythe et innovation se rencontrent pour cr\u00e9er des exp\u00e9riences uniques.<\/p>\t\t\t\t\t\t\t\t<\/div>\n\t\t\t\t<div class=\"elementor-element elementor-element-3913940f elementor-align-center elementor-invisible elementor-widget elementor-widget-button\" data-id=\"3913940f\" data-element_type=\"widget\" data-e-type=\"widget\" data-settings=\"{&quot;_animation&quot;:&quot;fadeInDown&quot;}\" data-widget_type=\"button.default\">\n\t\t\t\t\t\t\t\t\t\t<a class=\"elementor-button elementor-button-link elementor-size-sm\" href=\"https:\/\/library.elementor.com\/local-services-wireframe-3-flexbox\/contact-us\/\">\n\t\t\t\t\t\t<span class=\"elementor-button-content-wrapper\">\n\t\t\t\t\t\t\t\t\t<span class=\"elementor-button-text\">Nous Contacter<\/span>\n\t\t\t\t\t<\/span>\n\t\t\t\t\t<\/a>\n\t\t\t\t\t\t\t\t<\/div>\n\t\t\t\t\t<\/div>\n\t\t\t\t<\/div>\n\t\t\t\t<\/div>\n\t\t","protected":false},"excerpt":{"rendered":"<p>\u00e0 propos de nous L\u2019H\u00e9ritage d\u2019un Gone, l\u2019Odyss\u00e9e d\u2019un Univers Tout a commenc\u00e9 au c\u0153ur de Lyon, l\u00e0 o\u00f9 les l\u00e9gendes dorment sous les pav\u00e9s. Passionn\u00e9 depuis l&rsquo;enfance par la majest\u00e9 des dragons, j\u2019ai voulu offrir \u00e0 une \u00e9lite en qu\u00eate d\u2019absolu ce que le monde terrestre ne pouvait plus lui donner : l&rsquo;acc\u00e8s \u00e0 [&hellip;]<\/p>\n","protected":false},"author":1,"featured_media":438,"parent":0,"menu_order":0,"comment_status":"closed","ping_status":"closed","template":"elementor_header_footer","meta":{"_acf_changed":false,"footnotes":""},"class_list":["post-127","page","type-page","status-publish","has-post-thumbnail","hentry"],"acf":[],"_links":{"self":[{"href":"https:\/\/www.odysseeryujin.labo.infochartreux.fr\/index.php?rest_route=\/wp\/v2\/pages\/127","targetHints":{"allow":["GET"]}}],"collection":[{"href":"https:\/\/www.odysseeryujin.labo.infochartreux.fr\/index.php?rest_route=\/wp\/v2\/pages"}],"about":[{"href":"https:\/\/www.odysseeryujin.labo.infochartreux.fr\/index.php?rest_route=\/wp\/v2\/types\/page"}],"author":[{"embeddable":true,"href":"https:\/\/www.odysseeryujin.labo.infochartreux.fr\/index.php?rest_route=\/wp\/v2\/users\/1"}],"replies":[{"embeddable":true,"href":"https:\/\/www.odysseeryujin.labo.infochartreux.fr\/index.php?rest_route=%2Fwp%2Fv2%2Fcomments&post=127"}],"version-history":[{"count":42,"href":"https:\/\/www.odysseeryujin.labo.infochartreux.fr\/index.php?rest_route=\/wp\/v2\/pages\/127\/revisions"}],"predecessor-version":[{"id":454,"href":"https:\/\/www.odysseeryujin.labo.infochartreux.fr\/index.php?rest_route=\/wp\/v2\/pages\/127\/revisions\/454"}],"wp:featuredmedia":[{"embeddable":true,"href":"https:\/\/www.odysseeryujin.labo.infochartreux.fr\/index.php?rest_route=\/wp\/v2\/media\/438"}],"wp:attachment":[{"href":"https:\/\/www.odysseeryujin.labo.infochartreux.fr\/index.php?rest_route=%2Fwp%2Fv2%2Fmedia&parent=127"}],"curies":[{"name":"wp","href":"https:\/\/api.w.org\/{rel}","templated":true}]}}