{"id":111,"date":"2026-03-04T11:07:46","date_gmt":"2026-03-04T10:07:46","guid":{"rendered":"http:\/\/localhost:8000\/?page_id=111"},"modified":"2026-04-01T09:44:16","modified_gmt":"2026-04-01T07:44:16","slug":"gallery","status":"publish","type":"page","link":"https:\/\/www.odysseeryujin.labo.infochartreux.fr\/?page_id=111","title":{"rendered":"Galerie"},"content":{"rendered":"\t\t<div data-elementor-type=\"wp-page\" data-elementor-id=\"111\" class=\"elementor elementor-111\">\n\t\t\t\t<div class=\"elementor-element elementor-element-2dfa645a e-flex e-con-boxed e-con e-parent\" data-id=\"2dfa645a\" data-element_type=\"container\" data-e-type=\"container\">\n\t\t\t\t\t<div class=\"e-con-inner\">\n\t\t\t\t<div class=\"elementor-element elementor-element-403f272e elementor-widget elementor-widget-heading\" data-id=\"403f272e\" data-element_type=\"widget\" data-e-type=\"widget\" data-widget_type=\"heading.default\">\n\t\t\t\t\t<h1 class=\"elementor-heading-title elementor-size-default\">Galeries<\/h1>\t\t\t\t<\/div>\n\t\t\t\t<div class=\"elementor-element elementor-element-22bf8dba elementor-widget-divider--view-line elementor-widget elementor-widget-divider\" data-id=\"22bf8dba\" data-element_type=\"widget\" data-e-type=\"widget\" data-widget_type=\"divider.default\">\n\t\t\t\t\t\t\t<div class=\"elementor-divider\">\n\t\t\t<span class=\"elementor-divider-separator\">\n\t\t\t\t\t\t<\/span>\n\t\t<\/div>\n\t\t\t\t\t\t<\/div>\n\t\t\t\t<div class=\"elementor-element elementor-element-21fb1ea8 elementor-widget__width-initial elementor-widget-tablet__width-initial elementor-widget elementor-widget-heading\" data-id=\"21fb1ea8\" data-element_type=\"widget\" data-e-type=\"widget\" data-widget_type=\"heading.default\">\n\t\t\t\t\t<h5 class=\"elementor-heading-title elementor-size-default\">Cette galerie a pour but de pr\u00e9senter des images de nos services ou de nos projets ant\u00e9rieurs.<\/h5>\t\t\t\t<\/div>\n\t\t\t\t\t<\/div>\n\t\t\t\t<\/div>\n\t\t<div class=\"elementor-element elementor-element-6c78c143 e-con-full e-flex e-con e-parent\" data-id=\"6c78c143\" data-element_type=\"container\" data-e-type=\"container\">\n\t\t\t\t<div class=\"elementor-element elementor-element-14d4fc42 gallery-spacing-custom elementor-widget elementor-widget-image-gallery\" data-id=\"14d4fc42\" data-element_type=\"widget\" data-e-type=\"widget\" data-widget_type=\"image-gallery.default\">\n\t\t\t\t\t\t\t<div class=\"elementor-image-gallery\">\n\t\t\t<div id='gallery-1' class='gallery galleryid-111 gallery-columns-2 gallery-size-full'><figure class='gallery-item'>\n\t\t\t<div class='gallery-icon landscape'>\n\t\t\t\t<a data-elementor-open-lightbox=\"yes\" data-elementor-lightbox-slideshow=\"14d4fc42\" data-elementor-lightbox-title=\"Wierframe-gallery_box-5.jpg\" data-e-action-hash=\"#elementor-action%3Aaction%3Dlightbox%26settings%3DeyJpZCI6MTEyLCJ1cmwiOiJodHRwczpcL1wvd3d3Lm9keXNzZWVyeXVqaW4ubGFiby5pbmZvY2hhcnRyZXV4LmZyXC93cC1jb250ZW50XC91cGxvYWRzXC8yMDI2XC8wM1wvV2llcmZyYW1lLWdhbGxlcnlfYm94LTUuanBnIiwic2xpZGVzaG93IjoiMTRkNGZjNDIifQ%3D%3D\" href='https:\/\/www.odysseeryujin.labo.infochartreux.fr\/wp-content\/uploads\/2026\/03\/Wierframe-gallery_box-5.jpg'><img fetchpriority=\"high\" decoding=\"async\" width=\"949\" height=\"739\" src=\"https:\/\/www.odysseeryujin.labo.infochartreux.fr\/wp-content\/uploads\/2026\/03\/Wierframe-gallery_box-5.jpg\" class=\"attachment-full size-full\" alt=\"\" srcset=\"https:\/\/www.odysseeryujin.labo.infochartreux.fr\/wp-content\/uploads\/2026\/03\/Wierframe-gallery_box-5.jpg 949w, https:\/\/www.odysseeryujin.labo.infochartreux.fr\/wp-content\/uploads\/2026\/03\/Wierframe-gallery_box-5-300x234.jpg 300w, https:\/\/www.odysseeryujin.labo.infochartreux.fr\/wp-content\/uploads\/2026\/03\/Wierframe-gallery_box-5-768x598.jpg 768w\" sizes=\"(max-width: 949px) 100vw, 949px\" \/><\/a>\n\t\t\t<\/div><\/figure><figure class='gallery-item'>\n\t\t\t<div class='gallery-icon landscape'>\n\t\t\t\t<a data-elementor-open-lightbox=\"yes\" data-elementor-lightbox-slideshow=\"14d4fc42\" data-elementor-lightbox-title=\"Wierframe-gallery_box-4.jpg\" data-e-action-hash=\"#elementor-action%3Aaction%3Dlightbox%26settings%3DeyJpZCI6MTEzLCJ1cmwiOiJodHRwczpcL1wvd3d3Lm9keXNzZWVyeXVqaW4ubGFiby5pbmZvY2hhcnRyZXV4LmZyXC93cC1jb250ZW50XC91cGxvYWRzXC8yMDI2XC8wM1wvV2llcmZyYW1lLWdhbGxlcnlfYm94LTQuanBnIiwic2xpZGVzaG93IjoiMTRkNGZjNDIifQ%3D%3D\" href='https:\/\/www.odysseeryujin.labo.infochartreux.fr\/wp-content\/uploads\/2026\/03\/Wierframe-gallery_box-4.jpg'><img decoding=\"async\" width=\"949\" height=\"739\" src=\"https:\/\/www.odysseeryujin.labo.infochartreux.fr\/wp-content\/uploads\/2026\/03\/Wierframe-gallery_box-4.jpg\" class=\"attachment-full size-full\" alt=\"\" srcset=\"https:\/\/www.odysseeryujin.labo.infochartreux.fr\/wp-content\/uploads\/2026\/03\/Wierframe-gallery_box-4.jpg 949w, https:\/\/www.odysseeryujin.labo.infochartreux.fr\/wp-content\/uploads\/2026\/03\/Wierframe-gallery_box-4-300x234.jpg 300w, https:\/\/www.odysseeryujin.labo.infochartreux.fr\/wp-content\/uploads\/2026\/03\/Wierframe-gallery_box-4-768x598.jpg 768w\" sizes=\"(max-width: 949px) 100vw, 949px\" \/><\/a>\n\t\t\t<\/div><\/figure><figure class='gallery-item'>\n\t\t\t<div class='gallery-icon landscape'>\n\t\t\t\t<a data-elementor-open-lightbox=\"yes\" data-elementor-lightbox-slideshow=\"14d4fc42\" data-elementor-lightbox-title=\"Wierframe-gallery_box-3.jpg\" data-e-action-hash=\"#elementor-action%3Aaction%3Dlightbox%26settings%3DeyJpZCI6MTE0LCJ1cmwiOiJodHRwczpcL1wvd3d3Lm9keXNzZWVyeXVqaW4ubGFiby5pbmZvY2hhcnRyZXV4LmZyXC93cC1jb250ZW50XC91cGxvYWRzXC8yMDI2XC8wM1wvV2llcmZyYW1lLWdhbGxlcnlfYm94LTMuanBnIiwic2xpZGVzaG93IjoiMTRkNGZjNDIifQ%3D%3D\" href='https:\/\/www.odysseeryujin.labo.infochartreux.fr\/wp-content\/uploads\/2026\/03\/Wierframe-gallery_box-3.jpg'><img decoding=\"async\" width=\"949\" height=\"739\" src=\"https:\/\/www.odysseeryujin.labo.infochartreux.fr\/wp-content\/uploads\/2026\/03\/Wierframe-gallery_box-3.jpg\" class=\"attachment-full size-full\" alt=\"\" srcset=\"https:\/\/www.odysseeryujin.labo.infochartreux.fr\/wp-content\/uploads\/2026\/03\/Wierframe-gallery_box-3.jpg 949w, https:\/\/www.odysseeryujin.labo.infochartreux.fr\/wp-content\/uploads\/2026\/03\/Wierframe-gallery_box-3-300x234.jpg 300w, https:\/\/www.odysseeryujin.labo.infochartreux.fr\/wp-content\/uploads\/2026\/03\/Wierframe-gallery_box-3-768x598.jpg 768w\" sizes=\"(max-width: 949px) 100vw, 949px\" \/><\/a>\n\t\t\t<\/div><\/figure><figure class='gallery-item'>\n\t\t\t<div class='gallery-icon landscape'>\n\t\t\t\t<a data-elementor-open-lightbox=\"yes\" data-elementor-lightbox-slideshow=\"14d4fc42\" data-elementor-lightbox-title=\"Wierframe-gallery_box-2.jpg\" data-e-action-hash=\"#elementor-action%3Aaction%3Dlightbox%26settings%3DeyJpZCI6MTE1LCJ1cmwiOiJodHRwczpcL1wvd3d3Lm9keXNzZWVyeXVqaW4ubGFiby5pbmZvY2hhcnRyZXV4LmZyXC93cC1jb250ZW50XC91cGxvYWRzXC8yMDI2XC8wM1wvV2llcmZyYW1lLWdhbGxlcnlfYm94LTIuanBnIiwic2xpZGVzaG93IjoiMTRkNGZjNDIifQ%3D%3D\" href='https:\/\/www.odysseeryujin.labo.infochartreux.fr\/wp-content\/uploads\/2026\/03\/Wierframe-gallery_box-2.jpg'><img loading=\"lazy\" decoding=\"async\" width=\"949\" height=\"739\" src=\"https:\/\/www.odysseeryujin.labo.infochartreux.fr\/wp-content\/uploads\/2026\/03\/Wierframe-gallery_box-2.jpg\" class=\"attachment-full size-full\" alt=\"\" srcset=\"https:\/\/www.odysseeryujin.labo.infochartreux.fr\/wp-content\/uploads\/2026\/03\/Wierframe-gallery_box-2.jpg 949w, https:\/\/www.odysseeryujin.labo.infochartreux.fr\/wp-content\/uploads\/2026\/03\/Wierframe-gallery_box-2-300x234.jpg 300w, https:\/\/www.odysseeryujin.labo.infochartreux.fr\/wp-content\/uploads\/2026\/03\/Wierframe-gallery_box-2-768x598.jpg 768w\" sizes=\"(max-width: 949px) 100vw, 949px\" \/><\/a>\n\t\t\t<\/div><\/figure><figure class='gallery-item'>\n\t\t\t<div class='gallery-icon landscape'>\n\t\t\t\t<a data-elementor-open-lightbox=\"yes\" data-elementor-lightbox-slideshow=\"14d4fc42\" data-elementor-lightbox-title=\"Wierframe-gallery_box-1.jpg\" data-e-action-hash=\"#elementor-action%3Aaction%3Dlightbox%26settings%3DeyJpZCI6MTE2LCJ1cmwiOiJodHRwczpcL1wvd3d3Lm9keXNzZWVyeXVqaW4ubGFiby5pbmZvY2hhcnRyZXV4LmZyXC93cC1jb250ZW50XC91cGxvYWRzXC8yMDI2XC8wM1wvV2llcmZyYW1lLWdhbGxlcnlfYm94LTEuanBnIiwic2xpZGVzaG93IjoiMTRkNGZjNDIifQ%3D%3D\" href='https:\/\/www.odysseeryujin.labo.infochartreux.fr\/wp-content\/uploads\/2026\/03\/Wierframe-gallery_box-1.jpg'><img loading=\"lazy\" decoding=\"async\" width=\"949\" height=\"739\" src=\"https:\/\/www.odysseeryujin.labo.infochartreux.fr\/wp-content\/uploads\/2026\/03\/Wierframe-gallery_box-1.jpg\" class=\"attachment-full size-full\" alt=\"\" srcset=\"https:\/\/www.odysseeryujin.labo.infochartreux.fr\/wp-content\/uploads\/2026\/03\/Wierframe-gallery_box-1.jpg 949w, https:\/\/www.odysseeryujin.labo.infochartreux.fr\/wp-content\/uploads\/2026\/03\/Wierframe-gallery_box-1-300x234.jpg 300w, https:\/\/www.odysseeryujin.labo.infochartreux.fr\/wp-content\/uploads\/2026\/03\/Wierframe-gallery_box-1-768x598.jpg 768w\" sizes=\"(max-width: 949px) 100vw, 949px\" \/><\/a>\n\t\t\t<\/div><\/figure><figure class='gallery-item'>\n\t\t\t<div class='gallery-icon landscape'>\n\t\t\t\t<a data-elementor-open-lightbox=\"yes\" data-elementor-lightbox-slideshow=\"14d4fc42\" data-elementor-lightbox-title=\"Wierframe-gallery_box.jpg\" data-e-action-hash=\"#elementor-action%3Aaction%3Dlightbox%26settings%3DeyJpZCI6MTE3LCJ1cmwiOiJodHRwczpcL1wvd3d3Lm9keXNzZWVyeXVqaW4ubGFiby5pbmZvY2hhcnRyZXV4LmZyXC93cC1jb250ZW50XC91cGxvYWRzXC8yMDI2XC8wM1wvV2llcmZyYW1lLWdhbGxlcnlfYm94LmpwZyIsInNsaWRlc2hvdyI6IjE0ZDRmYzQyIn0%3D\" href='https:\/\/www.odysseeryujin.labo.infochartreux.fr\/wp-content\/uploads\/2026\/03\/Wierframe-gallery_box.jpg'><img loading=\"lazy\" decoding=\"async\" width=\"949\" height=\"739\" src=\"https:\/\/www.odysseeryujin.labo.infochartreux.fr\/wp-content\/uploads\/2026\/03\/Wierframe-gallery_box.jpg\" class=\"attachment-full size-full\" alt=\"\" srcset=\"https:\/\/www.odysseeryujin.labo.infochartreux.fr\/wp-content\/uploads\/2026\/03\/Wierframe-gallery_box.jpg 949w, https:\/\/www.odysseeryujin.labo.infochartreux.fr\/wp-content\/uploads\/2026\/03\/Wierframe-gallery_box-300x234.jpg 300w, https:\/\/www.odysseeryujin.labo.infochartreux.fr\/wp-content\/uploads\/2026\/03\/Wierframe-gallery_box-768x598.jpg 768w\" sizes=\"(max-width: 949px) 100vw, 949px\" \/><\/a>\n\t\t\t<\/div><\/figure><figure class='gallery-item'>\n\t\t\t<div class='gallery-icon landscape'>\n\t\t\t\t<a data-elementor-open-lightbox=\"yes\" data-elementor-lightbox-slideshow=\"14d4fc42\" data-elementor-lightbox-title=\"Wierframe-gallery_box-6.jpg\" data-e-action-hash=\"#elementor-action%3Aaction%3Dlightbox%26settings%3DeyJpZCI6MTE4LCJ1cmwiOiJodHRwczpcL1wvd3d3Lm9keXNzZWVyeXVqaW4ubGFiby5pbmZvY2hhcnRyZXV4LmZyXC93cC1jb250ZW50XC91cGxvYWRzXC8yMDI2XC8wM1wvV2llcmZyYW1lLWdhbGxlcnlfYm94LTYuanBnIiwic2xpZGVzaG93IjoiMTRkNGZjNDIifQ%3D%3D\" href='https:\/\/www.odysseeryujin.labo.infochartreux.fr\/wp-content\/uploads\/2026\/03\/Wierframe-gallery_box-6.jpg'><img loading=\"lazy\" decoding=\"async\" width=\"949\" height=\"739\" src=\"https:\/\/www.odysseeryujin.labo.infochartreux.fr\/wp-content\/uploads\/2026\/03\/Wierframe-gallery_box-6.jpg\" class=\"attachment-full size-full\" alt=\"\" srcset=\"https:\/\/www.odysseeryujin.labo.infochartreux.fr\/wp-content\/uploads\/2026\/03\/Wierframe-gallery_box-6.jpg 949w, https:\/\/www.odysseeryujin.labo.infochartreux.fr\/wp-content\/uploads\/2026\/03\/Wierframe-gallery_box-6-300x234.jpg 300w, https:\/\/www.odysseeryujin.labo.infochartreux.fr\/wp-content\/uploads\/2026\/03\/Wierframe-gallery_box-6-768x598.jpg 768w\" sizes=\"(max-width: 949px) 100vw, 949px\" \/><\/a>\n\t\t\t<\/div><\/figure><figure class='gallery-item'>\n\t\t\t<div class='gallery-icon landscape'>\n\t\t\t\t<a data-elementor-open-lightbox=\"yes\" data-elementor-lightbox-slideshow=\"14d4fc42\" data-elementor-lightbox-title=\"Wierframe-gallery_box-7.jpg\" data-e-action-hash=\"#elementor-action%3Aaction%3Dlightbox%26settings%3DeyJpZCI6MTE5LCJ1cmwiOiJodHRwczpcL1wvd3d3Lm9keXNzZWVyeXVqaW4ubGFiby5pbmZvY2hhcnRyZXV4LmZyXC93cC1jb250ZW50XC91cGxvYWRzXC8yMDI2XC8wM1wvV2llcmZyYW1lLWdhbGxlcnlfYm94LTcuanBnIiwic2xpZGVzaG93IjoiMTRkNGZjNDIifQ%3D%3D\" href='https:\/\/www.odysseeryujin.labo.infochartreux.fr\/wp-content\/uploads\/2026\/03\/Wierframe-gallery_box-7.jpg'><img loading=\"lazy\" decoding=\"async\" width=\"949\" height=\"739\" src=\"https:\/\/www.odysseeryujin.labo.infochartreux.fr\/wp-content\/uploads\/2026\/03\/Wierframe-gallery_box-7.jpg\" class=\"attachment-full size-full\" alt=\"\" srcset=\"https:\/\/www.odysseeryujin.labo.infochartreux.fr\/wp-content\/uploads\/2026\/03\/Wierframe-gallery_box-7.jpg 949w, https:\/\/www.odysseeryujin.labo.infochartreux.fr\/wp-content\/uploads\/2026\/03\/Wierframe-gallery_box-7-300x234.jpg 300w, https:\/\/www.odysseeryujin.labo.infochartreux.fr\/wp-content\/uploads\/2026\/03\/Wierframe-gallery_box-7-768x598.jpg 768w\" sizes=\"(max-width: 949px) 100vw, 949px\" \/><\/a>\n\t\t\t<\/div><\/figure>\n\t\t<\/div>\n\t\t<\/div>\n\t\t\t\t\t\t<\/div>\n\t\t\t\t<\/div>\n\t\t<div class=\"elementor-element elementor-element-440f12e7 e-flex e-con-boxed e-con e-parent\" data-id=\"440f12e7\" data-element_type=\"container\" data-e-type=\"container\">\n\t\t\t\t\t<div class=\"e-con-inner\">\n\t\t\t\t<div class=\"elementor-element elementor-element-567dc6ac elementor-widget elementor-widget-heading\" data-id=\"567dc6ac\" data-element_type=\"widget\" data-e-type=\"widget\" data-widget_type=\"heading.default\">\n\t\t\t\t\t<h2 class=\"elementor-heading-title elementor-size-default\">Au-del\u00e0 du r\u00e9el, un nouveau monde vous attend<\/h2>\t\t\t\t<\/div>\n\t\t\t\t<div class=\"elementor-element elementor-element-165e5b90 elementor-widget__width-initial elementor-widget elementor-widget-text-editor\" data-id=\"165e5b90\" data-element_type=\"widget\" data-e-type=\"widget\" data-widget_type=\"text-editor.default\">\n\t\t\t\t\t\t\t\t\t<p>Plongez dans des paysages mythiques recr\u00e9\u00e9s avec une pr\u00e9cision sensorielle in\u00e9gal\u00e9e.<br \/>Une odyss\u00e9e con\u00e7ue pour les explorateurs en qu\u00eate d\u2019exception.<\/p>\t\t\t\t\t\t\t\t<\/div>\n\t\t\t\t<div class=\"elementor-element elementor-element-55e23e7e elementor-align-center elementor-invisible elementor-widget elementor-widget-button\" data-id=\"55e23e7e\" data-element_type=\"widget\" data-e-type=\"widget\" data-settings=\"{&quot;_animation&quot;:&quot;fadeInDown&quot;}\" data-widget_type=\"button.default\">\n\t\t\t\t\t\t\t\t\t\t<a class=\"elementor-button elementor-button-link elementor-size-sm\" href=\"https:\/\/library.elementor.com\/local-services-wireframe-3-flexbox\/contact-us\/\">\n\t\t\t\t\t\t<span class=\"elementor-button-content-wrapper\">\n\t\t\t\t\t\t\t\t\t<span class=\"elementor-button-text\">Nous Contacter<\/span>\n\t\t\t\t\t<\/span>\n\t\t\t\t\t<\/a>\n\t\t\t\t\t\t\t\t<\/div>\n\t\t\t\t\t<\/div>\n\t\t\t\t<\/div>\n\t\t\t\t<\/div>\n\t\t","protected":false},"excerpt":{"rendered":"<p>Galeries Cette galerie a pour but de pr\u00e9senter des images de nos services ou de nos projets ant\u00e9rieurs. Au-del\u00e0 du r\u00e9el, un nouveau monde vous attend Plongez dans des paysages mythiques recr\u00e9\u00e9s avec une pr\u00e9cision sensorielle in\u00e9gal\u00e9e.Une odyss\u00e9e con\u00e7ue pour les explorateurs en qu\u00eate d\u2019exception. Nous Contacter<\/p>\n","protected":false},"author":1,"featured_media":438,"parent":0,"menu_order":0,"comment_status":"closed","ping_status":"closed","template":"elementor_header_footer","meta":{"_acf_changed":false,"footnotes":""},"class_list":["post-111","page","type-page","status-publish","has-post-thumbnail","hentry"],"acf":[],"_links":{"self":[{"href":"https:\/\/www.odysseeryujin.labo.infochartreux.fr\/index.php?rest_route=\/wp\/v2\/pages\/111","targetHints":{"allow":["GET"]}}],"collection":[{"href":"https:\/\/www.odysseeryujin.labo.infochartreux.fr\/index.php?rest_route=\/wp\/v2\/pages"}],"about":[{"href":"https:\/\/www.odysseeryujin.labo.infochartreux.fr\/index.php?rest_route=\/wp\/v2\/types\/page"}],"author":[{"embeddable":true,"href":"https:\/\/www.odysseeryujin.labo.infochartreux.fr\/index.php?rest_route=\/wp\/v2\/users\/1"}],"replies":[{"embeddable":true,"href":"https:\/\/www.odysseeryujin.labo.infochartreux.fr\/index.php?rest_route=%2Fwp%2Fv2%2Fcomments&post=111"}],"version-history":[{"count":19,"href":"https:\/\/www.odysseeryujin.labo.infochartreux.fr\/index.php?rest_route=\/wp\/v2\/pages\/111\/revisions"}],"predecessor-version":[{"id":460,"href":"https:\/\/www.odysseeryujin.labo.infochartreux.fr\/index.php?rest_route=\/wp\/v2\/pages\/111\/revisions\/460"}],"wp:featuredmedia":[{"embeddable":true,"href":"https:\/\/www.odysseeryujin.labo.infochartreux.fr\/index.php?rest_route=\/wp\/v2\/media\/438"}],"wp:attachment":[{"href":"https:\/\/www.odysseeryujin.labo.infochartreux.fr\/index.php?rest_route=%2Fwp%2Fv2%2Fmedia&parent=111"}],"curies":[{"name":"wp","href":"https:\/\/api.w.org\/{rel}","templated":true}]}}